{"id":959,"date":"2023-04-23T01:02:21","date_gmt":"2023-04-22T23:02:21","guid":{"rendered":"http:\/\/gc2i.lu\/?page_id=959"},"modified":"2023-05-08T18:39:28","modified_gmt":"2023-05-08T16:39:28","slug":"mentions-legales","status":"publish","type":"page","link":"https:\/\/gc2i.lu\/index.php\/mentions-legales\/","title":{"rendered":"Mentions L\u00e9gales"},"content":{"rendered":"\t\t<div data-elementor-type=\"wp-page\" data-elementor-id=\"959\" class=\"elementor elementor-959\">\n\t\t\t\t\t\t\t\t\t<section class=\"elementor-section elementor-top-section elementor-element elementor-element-cogg6a1 elementor-section-content-top elementor-section-boxed elementor-section-height-default elementor-section-height-default\" data-id=\"cogg6a1\" data-element_type=\"section\" data-settings=\"{&quot;background_background&quot;:&quot;classic&quot;}\">\n\t\t\t\t\t\t\t<div class=\"elementor-background-overlay\"><\/div>\n\t\t\t\t\t\t\t<div class=\"elementor-container elementor-column-gap-no\">\n\t\t\t\t\t<div class=\"elementor-column elementor-col-50 elementor-top-column elementor-element elementor-element-233a7da\" data-id=\"233a7da\" data-element_type=\"column\">\n\t\t\t<div class=\"elementor-widget-wrap elementor-element-populated\">\n\t\t\t\t\t\t\t\t<div class=\"elementor-element elementor-element-baf6b33 elementor-widget elementor-widget-heading\" data-id=\"baf6b33\" data-element_type=\"widget\" data-widget_type=\"heading.default\">\n\t\t\t\t<div class=\"elementor-widget-container\">\n\t\t\t<style>\/*! elementor - v3.13.3 - 28-05-2023 *\/\n.elementor-heading-title{padding:0;margin:0;line-height:1}.elementor-widget-heading .elementor-heading-title[class*=elementor-size-]>a{color:inherit;font-size:inherit;line-height:inherit}.elementor-widget-heading .elementor-heading-title.elementor-size-small{font-size:15px}.elementor-widget-heading .elementor-heading-title.elementor-size-medium{font-size:19px}.elementor-widget-heading .elementor-heading-title.elementor-size-large{font-size:29px}.elementor-widget-heading .elementor-heading-title.elementor-size-xl{font-size:39px}.elementor-widget-heading .elementor-heading-title.elementor-size-xxl{font-size:59px}<\/style><h2 class=\"elementor-heading-title elementor-size-default\">Mentions L\u00e9gales<\/h2>\t\t<\/div>\n\t\t\t\t<\/div>\n\t\t\t\t\t<\/div>\n\t\t<\/div>\n\t\t\t\t<div class=\"elementor-column elementor-col-50 elementor-top-column elementor-element elementor-element-d4838ed\" data-id=\"d4838ed\" data-element_type=\"column\">\n\t\t\t<div class=\"elementor-widget-wrap elementor-element-populated\">\n\t\t\t\t\t\t\t\t<div class=\"elementor-element elementor-element-36d0fcb elementor-position-left elementor-vertical-align-top elementor-widget elementor-widget-image-box\" data-id=\"36d0fcb\" data-element_type=\"widget\" data-widget_type=\"image-box.default\">\n\t\t\t\t<div class=\"elementor-widget-container\">\n\t\t\t<style>\/*! elementor - v3.13.3 - 28-05-2023 *\/\n.elementor-widget-image-box .elementor-image-box-content{width:100%}@media (min-width:768px){.elementor-widget-image-box.elementor-position-left .elementor-image-box-wrapper,.elementor-widget-image-box.elementor-position-right .elementor-image-box-wrapper{display:flex}.elementor-widget-image-box.elementor-position-right .elementor-image-box-wrapper{text-align:right;flex-direction:row-reverse}.elementor-widget-image-box.elementor-position-left .elementor-image-box-wrapper{text-align:left;flex-direction:row}.elementor-widget-image-box.elementor-position-top .elementor-image-box-img{margin:auto}.elementor-widget-image-box.elementor-vertical-align-top .elementor-image-box-wrapper{align-items:flex-start}.elementor-widget-image-box.elementor-vertical-align-middle .elementor-image-box-wrapper{align-items:center}.elementor-widget-image-box.elementor-vertical-align-bottom .elementor-image-box-wrapper{align-items:flex-end}}@media (max-width:767px){.elementor-widget-image-box .elementor-image-box-img{margin-left:auto!important;margin-right:auto!important;margin-bottom:15px}}.elementor-widget-image-box .elementor-image-box-img{display:inline-block}.elementor-widget-image-box .elementor-image-box-title a{color:inherit}.elementor-widget-image-box .elementor-image-box-wrapper{text-align:center}.elementor-widget-image-box .elementor-image-box-description{margin:0}<\/style><div class=\"elementor-image-box-wrapper\"><div class=\"elementor-image-box-content\"><p class=\"elementor-image-box-description\">Ce site est \u00e9dit\u00e9 par GC2I, dont le si\u00e8ge social est situ\u00e9 \u00e0 \n18 Bd de Kockelscheuer, 1821 Luxembourg, immatricul\u00e9e au Registre du Commerce et des Soci\u00e9t\u00e9s sous le num\u00e9ro B275444 - Business permit: 10150417\/0.\n\nDirecteur de la publication : Ismael Bel-Abbes\n\nH\u00e9bergement : OVH, 2, rue Kellermann, 59100 Roubaix.<\/p><\/div><\/div>\t\t<\/div>\n\t\t\t\t<\/div>\n\t\t\t\t<div class=\"elementor-element elementor-element-704aaf3 elementor-position-left elementor-vertical-align-top elementor-widget elementor-widget-image-box\" data-id=\"704aaf3\" data-element_type=\"widget\" data-widget_type=\"image-box.default\">\n\t\t\t\t<div class=\"elementor-widget-container\">\n\t\t\t<div class=\"elementor-image-box-wrapper\"><div class=\"elementor-image-box-content\"><h3 class=\"elementor-image-box-title\">Propri\u00e9t\u00e9 intellectuelle :<\/h3><p class=\"elementor-image-box-description\">Le site ainsi que les contenus qui y sont publi\u00e9s sont prot\u00e9g\u00e9s par les lois sur la propri\u00e9t\u00e9 intellectuelle et appartiennent \u00e0 GC2i ou sont utilis\u00e9s avec l'autorisation de leurs propri\u00e9taires respectifs. Toute reproduction, repr\u00e9sentation, diffusion ou utilisation de ces contenus, en tout ou partie, sans l'autorisation pr\u00e9alable \u00e9crite de GC2i ou de leurs propri\u00e9taires respectifs est strictement interdite et constitue une contrefa\u00e7on susceptible d'engager la responsabilit\u00e9 civile et p\u00e9nale de son auteur.<\/p><\/div><\/div>\t\t<\/div>\n\t\t\t\t<\/div>\n\t\t\t\t<div class=\"elementor-element elementor-element-5e064f9 elementor-position-left elementor-vertical-align-top elementor-widget elementor-widget-image-box\" data-id=\"5e064f9\" data-element_type=\"widget\" data-widget_type=\"image-box.default\">\n\t\t\t\t<div class=\"elementor-widget-container\">\n\t\t\t<div class=\"elementor-image-box-wrapper\"><div class=\"elementor-image-box-content\"><h3 class=\"elementor-image-box-title\">Donn\u00e9es personnelles :<\/h3><p class=\"elementor-image-box-description\">Les donn\u00e9es personnelles collect\u00e9es par GC2i sur ce site font l'objet d'un traitement automatis\u00e9 conforme aux dispositions de la loi \"Informatique et Libert\u00e9s\" du 6 janvier 1978 modifi\u00e9e. Ces donn\u00e9es sont utilis\u00e9es dans le cadre de l'exploitation du site et peuvent \u00eatre transmises \u00e0 des prestataires pour les besoins du traitement de certaines op\u00e9rations. Conform\u00e9ment \u00e0 la loi, vous disposez d'un droit d'acc\u00e8s, de rectification et de suppression de ces donn\u00e9es, ainsi que d'un droit d'opposition pour motif l\u00e9gitime, que vous pouvez exercer en \u00e9crivant \u00e0 l'adresse suivante : 18 Bd de Kockelscheuer, 1821 Luxembourg<\/p><\/div><\/div>\t\t<\/div>\n\t\t\t\t<\/div>\n\t\t\t\t<div class=\"elementor-element elementor-element-9b83246 elementor-position-left elementor-vertical-align-top elementor-widget elementor-widget-image-box\" data-id=\"9b83246\" data-element_type=\"widget\" data-widget_type=\"image-box.default\">\n\t\t\t\t<div class=\"elementor-widget-container\">\n\t\t\t<div class=\"elementor-image-box-wrapper\"><div class=\"elementor-image-box-content\"><h3 class=\"elementor-image-box-title\">Cookies :<\/h3><p class=\"elementor-image-box-description\">Des cookies peuvent \u00eatre d\u00e9pos\u00e9s sur votre ordinateur lors de votre navigation sur ce site afin de faciliter votre navigation et d'am\u00e9liorer la qualit\u00e9 de nos services. Ces cookies ne contiennent pas de donn\u00e9es personnelles et peuvent \u00eatre d\u00e9sactiv\u00e9s \u00e0 tout moment en configurant votre navigateur.<\/p><\/div><\/div>\t\t<\/div>\n\t\t\t\t<\/div>\n\t\t\t\t<div class=\"elementor-element elementor-element-9b9e60a elementor-position-left elementor-vertical-align-top elementor-widget elementor-widget-image-box\" data-id=\"9b9e60a\" data-element_type=\"widget\" data-widget_type=\"image-box.default\">\n\t\t\t\t<div class=\"elementor-widget-container\">\n\t\t\t<div class=\"elementor-image-box-wrapper\"><div class=\"elementor-image-box-content\"><h3 class=\"elementor-image-box-title\">Liens : <\/h3><p class=\"elementor-image-box-description\">Ce site peut contenir des liens vers d'autres sites internet. GC2i d\u00e9cline toute responsabilit\u00e9 quant aux contenus de ces sites et quant aux \u00e9ventuels pr\u00e9judices que leur consultation pourrait causer.\n\n<\/p><\/div><\/div>\t\t<\/div>\n\t\t\t\t<\/div>\n\t\t\t\t<div class=\"elementor-element elementor-element-072b04e elementor-position-left elementor-vertical-align-top elementor-widget elementor-widget-image-box\" data-id=\"072b04e\" data-element_type=\"widget\" data-widget_type=\"image-box.default\">\n\t\t\t\t<div class=\"elementor-widget-container\">\n\t\t\t<div class=\"elementor-image-box-wrapper\"><div class=\"elementor-image-box-content\"><h3 class=\"elementor-image-box-title\">Droit applicable :<\/h3><p class=\"elementor-image-box-description\">Les pr\u00e9sentes mentions l\u00e9gales sont r\u00e9gies par le droit fran\u00e7ais. En cas de litige, les tribunaux fran\u00e7ais seront seuls comp\u00e9tents.\n\nGC2i se r\u00e9serve le droit de modifier \u00e0 tout moment et sans pr\u00e9avis les pr\u00e9sentes mentions l\u00e9gales. Il est donc conseill\u00e9 de les consulter r\u00e9guli\u00e8rement.<\/p><\/div><\/div>\t\t<\/div>\n\t\t\t\t<\/div>\n\t\t\t\t\t<\/div>\n\t\t<\/div>\n\t\t\t\t\t\t\t<\/div>\n\t\t<\/section>\n\t\t\t\t\t\t\t<\/div>\n\t\t","protected":false},"excerpt":{"rendered":"<p>Mentions L\u00e9gales Ce site est \u00e9dit\u00e9 par GC2I, dont le si\u00e8ge social est situ\u00e9 \u00e0 18 Bd de Kockelscheuer, 1821 Luxembourg, immatricul\u00e9e au Registre du Commerce et des Soci\u00e9t\u00e9s sous le num\u00e9ro B275444 &#8211; Business permit: 10150417\/0. Directeur de la publication : Ismael Bel-Abbes H\u00e9bergement : OVH, 2, rue Kellermann, 59100 Roubaix. Propri\u00e9t\u00e9 intellectuelle : &hellip;<\/p>\n<p class=\"read-more\"> <a class=\"\" href=\"https:\/\/gc2i.lu\/index.php\/mentions-legales\/\"> <span class=\"screen-reader-text\">Mentions L\u00e9gales<\/span> Lire la suite\u00a0\u00bb<\/a><\/p>\n","protected":false},"author":1,"featured_media":0,"parent":0,"menu_order":0,"comment_status":"closed","ping_status":"closed","template":"","meta":{"_uag_custom_page_level_css":"","site-sidebar-layout":"no-sidebar","site-content-layout":"page-builder","ast-global-header-display":"","ast-banner-title-visibility":"","ast-main-header-display":"","ast-hfb-above-header-display":"","ast-hfb-below-header-display":"","ast-hfb-mobile-header-display":"","site-post-title":"disabled","ast-breadcrumbs-content":"","ast-featured-img":"disabled","footer-sml-layout":"","theme-transparent-header-meta":"","adv-header-id-meta":"","stick-header-meta":"","header-above-stick-meta":"","header-main-stick-meta":"","header-below-stick-meta":"","footnotes":""},"class_list":["post-959","page","type-page","status-publish","hentry"],"uagb_featured_image_src":{"full":false,"thumbnail":false,"medium":false,"medium_large":false,"large":false,"1536x1536":false,"2048x2048":false},"uagb_author_info":{"display_name":"admin5683","author_link":"https:\/\/gc2i.lu\/index.php\/author\/admin5683\/"},"uagb_comment_info":0,"uagb_excerpt":"Mentions L\u00e9gales Ce site est \u00e9dit\u00e9 par GC2I, dont le si\u00e8ge social est situ\u00e9 \u00e0 18 Bd de Kockelscheuer, 1821 Luxembourg, immatricul\u00e9e au Registre du Commerce et des Soci\u00e9t\u00e9s sous le num\u00e9ro B275444 &#8211; Business permit: 10150417\/0. Directeur de la publication : Ismael Bel-Abbes H\u00e9bergement : OVH, 2, rue Kellermann, 59100 Roubaix. Propri\u00e9t\u00e9 intellectuelle :\u2026","_links":{"self":[{"href":"https:\/\/gc2i.lu\/index.php\/wp-json\/wp\/v2\/pages\/959","targetHints":{"allow":["GET"]}}],"collection":[{"href":"https:\/\/gc2i.lu\/index.php\/wp-json\/wp\/v2\/pages"}],"about":[{"href":"https:\/\/gc2i.lu\/index.php\/wp-json\/wp\/v2\/types\/page"}],"author":[{"embeddable":true,"href":"https:\/\/gc2i.lu\/index.php\/wp-json\/wp\/v2\/users\/1"}],"replies":[{"embeddable":true,"href":"https:\/\/gc2i.lu\/index.php\/wp-json\/wp\/v2\/comments?post=959"}],"version-history":[{"count":21,"href":"https:\/\/gc2i.lu\/index.php\/wp-json\/wp\/v2\/pages\/959\/revisions"}],"predecessor-version":[{"id":1181,"href":"https:\/\/gc2i.lu\/index.php\/wp-json\/wp\/v2\/pages\/959\/revisions\/1181"}],"wp:attachment":[{"href":"https:\/\/gc2i.lu\/index.php\/wp-json\/wp\/v2\/media?parent=959"}],"curies":[{"name":"wp","href":"https:\/\/api.w.org\/{rel}","templated":true}]}}